{"id":38,"date":"2021-03-16T19:29:41","date_gmt":"2021-03-16T19:29:41","guid":{"rendered":"https:\/\/camarillomedinayasociados.com.mx\/?page_id=38"},"modified":"2021-04-23T15:09:12","modified_gmt":"2021-04-23T15:09:12","slug":"conocenos","status":"publish","type":"page","link":"https:\/\/camarillomedinayasociados.com.mx\/index.php\/conocenos\/","title":{"rendered":"Con\u00f3cenos"},"content":{"rendered":"\t\t<div data-elementor-type=\"wp-page\" data-elementor-id=\"38\" class=\"elementor elementor-38\">\n\t\t\t\t\t\t<section class=\"elementor-section elementor-top-section elementor-element elementor-element-6e1f45df elementor-section-content-middle elementor-section-boxed elementor-section-height-default elementor-section-height-default\" data-id=\"6e1f45df\" data-element_type=\"section\" data-e-type=\"section\" data-settings=\"{&quot;background_background&quot;:&quot;gradient&quot;}\">\n\t\t\t\t\t\t<div class=\"elementor-container elementor-column-gap-no\">\n\t\t\t\t\t<div class=\"elementor-column elementor-col-50 elementor-top-column elementor-element elementor-element-1fba3531\" data-id=\"1fba3531\" data-element_type=\"column\" data-e-type=\"column\">\n\t\t\t<div class=\"elementor-widget-wrap elementor-element-populated\">\n\t\t\t\t\t\t<div class=\"elementor-element elementor-element-62063303 elementor-widget elementor-widget-image\" data-id=\"62063303\" data-element_type=\"widget\" data-e-type=\"widget\" data-widget_type=\"image.default\">\n\t\t\t\t<div class=\"elementor-widget-container\">\n\t\t\t\t\t\t\t\t\t\t\t\t\t\t\t<img fetchpriority=\"high\" decoding=\"async\" width=\"2560\" height=\"1199\" src=\"https:\/\/camarillomedinayasociados.com.mx\/wp-content\/uploads\/2021\/03\/Image001-scaled.jpg\" class=\"attachment-full size-full wp-image-134\" alt=\"\" srcset=\"https:\/\/camarillomedinayasociados.com.mx\/wp-content\/uploads\/2021\/03\/Image001-scaled.jpg 2560w, https:\/\/camarillomedinayasociados.com.mx\/wp-content\/uploads\/2021\/03\/Image001-300x141.jpg 300w, https:\/\/camarillomedinayasociados.com.mx\/wp-content\/uploads\/2021\/03\/Image001-1024x480.jpg 1024w, https:\/\/camarillomedinayasociados.com.mx\/wp-content\/uploads\/2021\/03\/Image001-768x360.jpg 768w, https:\/\/camarillomedinayasociados.com.mx\/wp-content\/uploads\/2021\/03\/Image001-1536x719.jpg 1536w, https:\/\/camarillomedinayasociados.com.mx\/wp-content\/uploads\/2021\/03\/Image001-2048x959.jpg 2048w\" sizes=\"(max-width: 2560px) 100vw, 2560px\" \/>\t\t\t\t\t\t\t\t\t\t\t\t\t\t\t<\/div>\n\t\t\t\t<\/div>\n\t\t\t\t\t<\/div>\n\t\t<\/div>\n\t\t\t\t<div class=\"elementor-column elementor-col-50 elementor-top-column elementor-element elementor-element-11edae9b\" data-id=\"11edae9b\" data-element_type=\"column\" data-e-type=\"column\">\n\t\t\t<div class=\"elementor-widget-wrap elementor-element-populated\">\n\t\t\t\t\t\t<div class=\"elementor-element elementor-element-2d4f0d3a elementor-widget elementor-widget-heading\" data-id=\"2d4f0d3a\" data-element_type=\"widget\" data-e-type=\"widget\" data-widget_type=\"heading.default\">\n\t\t\t\t<div class=\"elementor-widget-container\">\n\t\t\t\t\t<h4 class=\"elementor-heading-title elementor-size-default\">\u00bfQui\u00e9nes somos?<\/h4>\t\t\t\t<\/div>\n\t\t\t\t<\/div>\n\t\t\t\t<div class=\"elementor-element elementor-element-31672792 elementor-widget elementor-widget-text-editor\" data-id=\"31672792\" data-element_type=\"widget\" data-e-type=\"widget\" data-widget_type=\"text-editor.default\">\n\t\t\t\t<div class=\"elementor-widget-container\">\n\t\t\t\t\t\t\t\t\t<p>Somos un grupo de asesores dedicados e interesados en ayudarte a proteger de mejor forma tu patrimonio, a trav\u00e9s de diferentes instrumentos financieros.<\/p>\n<p><strong><u>\u00bfPor qu\u00e9 confiar en Camarillo Medina y Asociados?<\/u><\/strong>&nbsp;<\/p><p>Brindamos&nbsp;<strong>asesor\u00eda financiera<\/strong>&nbsp;integral, regidos por nuestros principales valores, que son el compromiso y la \u00e9tica.&nbsp; Gracias a nuestra amplia experiencia podemos ofrecerle los productos adecuados de acuerdo a sus necesidades.<\/p>\n<p><strong><u>\u00bfNecesitas asesor\u00eda u orientaci\u00f3n personalizada?<\/u><\/strong><strong>&nbsp;<\/strong><\/p><p>Nos rodeamos de personal capacitado y ampliamente preparado para poder cubrir cada uno de tus requerimientos, bajo la atenci\u00f3n que todo cliente merece.<\/p>\n<p><em>Todos nuestros asesores est\u00e1n debidamente certificados por:<\/em><\/p>\n<ul>\n<li><em>Comisi\u00f3n Nacional de Seguros y Fianzas (CNSF)<\/em><\/li>\n<li><em>Comisi\u00f3n Nacional del Sistema de Ahorro para el Retiro (CONSAR)<\/em><\/li>\n<\/ul>\t\t\t\t\t\t\t\t<\/div>\n\t\t\t\t<\/div>\n\t\t\t\t\t<\/div>\n\t\t<\/div>\n\t\t\t\t\t<\/div>\n\t\t<\/section>\n\t\t\t\t<section class=\"elementor-section elementor-top-section elementor-element elementor-element-351aa190 elementor-section-content-middle elementor-section-boxed elementor-section-height-default elementor-section-height-default\" data-id=\"351aa190\" data-element_type=\"section\" data-e-type=\"section\">\n\t\t\t\t\t\t<div class=\"elementor-container elementor-column-gap-no\">\n\t\t\t\t\t<div class=\"elementor-column elementor-col-33 elementor-top-column elementor-element elementor-element-137579fc\" data-id=\"137579fc\" data-element_type=\"column\" data-e-type=\"column\">\n\t\t\t<div class=\"elementor-widget-wrap elementor-element-populated\">\n\t\t\t\t\t\t<div class=\"elementor-element elementor-element-e545f5b elementor-widget elementor-widget-heading\" data-id=\"e545f5b\" data-element_type=\"widget\" data-e-type=\"widget\" data-widget_type=\"heading.default\">\n\t\t\t\t<div class=\"elementor-widget-container\">\n\t\t\t\t\t<h3 class=\"elementor-heading-title elementor-size-default\">Misi\u00f3n &amp; Visi\u00f3n<\/h3>\t\t\t\t<\/div>\n\t\t\t\t<\/div>\n\t\t\t\t<div class=\"elementor-element elementor-element-2650b2b1 elementor-widget-divider--view-line elementor-widget elementor-widget-divider\" data-id=\"2650b2b1\" data-element_type=\"widget\" data-e-type=\"widget\" data-widget_type=\"divider.default\">\n\t\t\t\t<div class=\"elementor-widget-container\">\n\t\t\t\t\t\t\t<div class=\"elementor-divider\">\n\t\t\t<span class=\"elementor-divider-separator\">\n\t\t\t\t\t\t<\/span>\n\t\t<\/div>\n\t\t\t\t\t\t<\/div>\n\t\t\t\t<\/div>\n\t\t\t\t\t<\/div>\n\t\t<\/div>\n\t\t\t\t<div class=\"elementor-column elementor-col-33 elementor-top-column elementor-element elementor-element-7e905fce\" data-id=\"7e905fce\" data-element_type=\"column\" data-e-type=\"column\">\n\t\t\t<div class=\"elementor-widget-wrap elementor-element-populated\">\n\t\t\t\t\t\t<div class=\"elementor-element elementor-element-6bc0beb2 elementor-widget elementor-widget-image\" data-id=\"6bc0beb2\" data-element_type=\"widget\" data-e-type=\"widget\" data-widget_type=\"image.default\">\n\t\t\t\t<div class=\"elementor-widget-container\">\n\t\t\t\t\t\t\t\t\t\t\t\t\t\t\t<img decoding=\"async\" width=\"2500\" height=\"1841\" src=\"https:\/\/camarillomedinayasociados.com.mx\/wp-content\/uploads\/2021\/03\/portrait-of-woman-customer-service-worker-3.jpg\" class=\"elementor-animation-grow attachment-full size-full wp-image-144\" alt=\"\" srcset=\"https:\/\/camarillomedinayasociados.com.mx\/wp-content\/uploads\/2021\/03\/portrait-of-woman-customer-service-worker-3.jpg 2500w, https:\/\/camarillomedinayasociados.com.mx\/wp-content\/uploads\/2021\/03\/portrait-of-woman-customer-service-worker-3-300x221.jpg 300w, https:\/\/camarillomedinayasociados.com.mx\/wp-content\/uploads\/2021\/03\/portrait-of-woman-customer-service-worker-3-1024x754.jpg 1024w, https:\/\/camarillomedinayasociados.com.mx\/wp-content\/uploads\/2021\/03\/portrait-of-woman-customer-service-worker-3-768x566.jpg 768w, https:\/\/camarillomedinayasociados.com.mx\/wp-content\/uploads\/2021\/03\/portrait-of-woman-customer-service-worker-3-1536x1131.jpg 1536w, https:\/\/camarillomedinayasociados.com.mx\/wp-content\/uploads\/2021\/03\/portrait-of-woman-customer-service-worker-3-2048x1508.jpg 2048w\" sizes=\"(max-width: 2500px) 100vw, 2500px\" \/>\t\t\t\t\t\t\t\t\t\t\t\t\t\t\t<\/div>\n\t\t\t\t<\/div>\n\t\t\t\t<div class=\"elementor-element elementor-element-2ba370de elementor-widget elementor-widget-text-editor\" data-id=\"2ba370de\" data-element_type=\"widget\" data-e-type=\"widget\" data-widget_type=\"text-editor.default\">\n\t\t\t\t<div class=\"elementor-widget-container\">\n\t\t\t\t\t\t\t\t\t<p>Ofrecer el mejor servicio financiero integral, buscando las alternativas que nos permitan brindar tranquilidad a nuestros clientes, incrementando su patrimonio.<\/p>\t\t\t\t\t\t\t\t<\/div>\n\t\t\t\t<\/div>\n\t\t\t\t\t<\/div>\n\t\t<\/div>\n\t\t\t\t<div class=\"elementor-column elementor-col-33 elementor-top-column elementor-element elementor-element-1516569f\" data-id=\"1516569f\" data-element_type=\"column\" data-e-type=\"column\">\n\t\t\t<div class=\"elementor-widget-wrap elementor-element-populated\">\n\t\t\t\t\t\t<div class=\"elementor-element elementor-element-7f24da0 elementor-widget elementor-widget-text-editor\" data-id=\"7f24da0\" data-element_type=\"widget\" data-e-type=\"widget\" data-widget_type=\"text-editor.default\">\n\t\t\t\t<div class=\"elementor-widget-container\">\n\t\t\t\t\t\t\t\t\t<p>Ser el mejor equipo de asesores comprometidos con la satisfacci\u00f3n y tranquilidad de nuestros clientes. Siempre buscando el crecimiento constante por medio de metas, trabajo en equipo y capacitaci\u00f3n.<\/p>\t\t\t\t\t\t\t\t<\/div>\n\t\t\t\t<\/div>\n\t\t\t\t<div class=\"elementor-element elementor-element-ec72491 elementor-widget elementor-widget-image\" data-id=\"ec72491\" data-element_type=\"widget\" data-e-type=\"widget\" data-widget_type=\"image.default\">\n\t\t\t\t<div class=\"elementor-widget-container\">\n\t\t\t\t\t\t\t\t\t\t\t\t\t\t\t<img decoding=\"async\" width=\"2500\" height=\"1667\" src=\"https:\/\/camarillomedinayasociados.com.mx\/wp-content\/uploads\/2021\/03\/leon-bzqU01v-G54-unsplash-2.jpg\" class=\"elementor-animation-grow attachment-full size-full wp-image-146\" alt=\"\" srcset=\"https:\/\/camarillomedinayasociados.com.mx\/wp-content\/uploads\/2021\/03\/leon-bzqU01v-G54-unsplash-2.jpg 2500w, https:\/\/camarillomedinayasociados.com.mx\/wp-content\/uploads\/2021\/03\/leon-bzqU01v-G54-unsplash-2-300x200.jpg 300w, https:\/\/camarillomedinayasociados.com.mx\/wp-content\/uploads\/2021\/03\/leon-bzqU01v-G54-unsplash-2-1024x683.jpg 1024w, https:\/\/camarillomedinayasociados.com.mx\/wp-content\/uploads\/2021\/03\/leon-bzqU01v-G54-unsplash-2-768x512.jpg 768w, https:\/\/camarillomedinayasociados.com.mx\/wp-content\/uploads\/2021\/03\/leon-bzqU01v-G54-unsplash-2-1536x1024.jpg 1536w, https:\/\/camarillomedinayasociados.com.mx\/wp-content\/uploads\/2021\/03\/leon-bzqU01v-G54-unsplash-2-2048x1366.jpg 2048w\" sizes=\"(max-width: 2500px) 100vw, 2500px\" \/>\t\t\t\t\t\t\t\t\t\t\t\t\t\t\t<\/div>\n\t\t\t\t<\/div>\n\t\t\t\t\t<\/div>\n\t\t<\/div>\n\t\t\t\t\t<\/div>\n\t\t<\/section>\n\t\t\t\t<\/div>\n\t\t","protected":false},"excerpt":{"rendered":"<p>\u00bfQui\u00e9nes somos? Somos un grupo de asesores dedicados e interesados en ayudarte a proteger de mejor forma tu patrimonio, a trav\u00e9s de diferentes instrumentos financieros. \u00bfPor qu\u00e9 confiar en Camarillo Medina y Asociados?&nbsp; Brindamos&nbsp;asesor\u00eda financiera&nbsp;integral, regidos por nuestros principales valores, que son el compromiso y la \u00e9tica.&nbsp; Gracias a nuestra amplia experiencia podemos ofrecerle los [&hellip;]<\/p>\n","protected":false},"author":1,"featured_media":0,"parent":0,"menu_order":0,"comment_status":"closed","ping_status":"closed","template":"","meta":{"site-sidebar-layout":"no-sidebar","site-content-layout":"page-builder","ast-site-content-layout":"default","site-content-style":"default","site-sidebar-style":"default","ast-global-header-display":"","ast-banner-title-visibility":"","ast-main-header-display":"","ast-hfb-above-header-display":"","ast-hfb-below-header-display":"","ast-hfb-mobile-header-display":"","site-post-title":"disabled","ast-breadcrumbs-content":"","ast-featured-img":"disabled","footer-sml-layout":"","ast-disable-related-posts":"","theme-transparent-header-meta":"default","adv-header-id-meta":"","stick-header-meta":"","header-above-stick-meta":"","header-main-stick-meta":"","header-below-stick-meta":"","astra-migrate-meta-layouts":"default","ast-page-background-enabled":"default","ast-page-background-meta":{"desktop":{"background-color":"var(--ast-global-color-4)","background-image":"","background-repeat":"repeat","background-position":"center center","background-size":"auto","background-attachment":"scroll","background-type":"","background-media":"","overlay-type":"","overlay-color":"","overlay-opacity":"","overlay-gradient":""},"tablet":{"background-color":"","background-image":"","background-repeat":"repeat","background-position":"center center","background-size":"auto","background-attachment":"scroll","background-type":"","background-media":"","overlay-type":"","overlay-color":"","overlay-opacity":"","overlay-gradient":""},"mobile":{"background-color":"","background-image":"","background-repeat":"repeat","background-position":"center center","background-size":"auto","background-attachment":"scroll","background-type":"","background-media":"","overlay-type":"","overlay-color":"","overlay-opacity":"","overlay-gradient":""}},"ast-content-background-meta":{"desktop":{"background-color":"var(--ast-global-color-5)","background-image":"","background-repeat":"repeat","background-position":"center center","background-size":"auto","background-attachment":"scroll","background-type":"","background-media":"","overlay-type":"","overlay-color":"","overlay-opacity":"","overlay-gradient":""},"tablet":{"background-color":"var(--ast-global-color-5)","background-image":"","background-repeat":"repeat","background-position":"center center","background-size":"auto","background-attachment":"scroll","background-type":"","background-media":"","overlay-type":"","overlay-color":"","overlay-opacity":"","overlay-gradient":""},"mobile":{"background-color":"var(--ast-global-color-5)","background-image":"","background-repeat":"repeat","background-position":"center center","background-size":"auto","background-attachment":"scroll","background-type":"","background-media":"","overlay-type":"","overlay-color":"","overlay-opacity":"","overlay-gradient":""}},"footnotes":""},"class_list":["post-38","page","type-page","status-publish","hentry"],"_links":{"self":[{"href":"https:\/\/camarillomedinayasociados.com.mx\/index.php\/wp-json\/wp\/v2\/pages\/38","targetHints":{"allow":["GET"]}}],"collection":[{"href":"https:\/\/camarillomedinayasociados.com.mx\/index.php\/wp-json\/wp\/v2\/pages"}],"about":[{"href":"https:\/\/camarillomedinayasociados.com.mx\/index.php\/wp-json\/wp\/v2\/types\/page"}],"author":[{"embeddable":true,"href":"https:\/\/camarillomedinayasociados.com.mx\/index.php\/wp-json\/wp\/v2\/users\/1"}],"replies":[{"embeddable":true,"href":"https:\/\/camarillomedinayasociados.com.mx\/index.php\/wp-json\/wp\/v2\/comments?post=38"}],"version-history":[{"count":22,"href":"https:\/\/camarillomedinayasociados.com.mx\/index.php\/wp-json\/wp\/v2\/pages\/38\/revisions"}],"predecessor-version":[{"id":619,"href":"https:\/\/camarillomedinayasociados.com.mx\/index.php\/wp-json\/wp\/v2\/pages\/38\/revisions\/619"}],"wp:attachment":[{"href":"https:\/\/camarillomedinayasociados.com.mx\/index.php\/wp-json\/wp\/v2\/media?parent=38"}],"curies":[{"name":"wp","href":"https:\/\/api.w.org\/{rel}","templated":true}]}}