{"id":410,"date":"2021-03-31T15:44:38","date_gmt":"2021-03-31T15:44:38","guid":{"rendered":"https:\/\/camarillomedinayasociados.com.mx\/?page_id=410"},"modified":"2021-05-03T15:47:33","modified_gmt":"2021-05-03T15:47:33","slug":"cuentas-empresariales","status":"publish","type":"page","link":"https:\/\/camarillomedinayasociados.com.mx\/index.php\/cuentas-empresariales\/","title":{"rendered":"Cuentas Empresariales"},"content":{"rendered":"\t\t<div data-elementor-type=\"wp-page\" data-elementor-id=\"410\" class=\"elementor elementor-410\">\n\t\t\t\t\t\t<section class=\"elementor-section elementor-top-section elementor-element elementor-element-49d8afd elementor-section-boxed elementor-section-height-default elementor-section-height-default\" data-id=\"49d8afd\" data-element_type=\"section\" data-e-type=\"section\">\n\t\t\t\t\t\t<div class=\"elementor-container elementor-column-gap-default\">\n\t\t\t\t\t<div class=\"elementor-column elementor-col-100 elementor-top-column elementor-element elementor-element-edef842\" data-id=\"edef842\" data-element_type=\"column\" data-e-type=\"column\">\n\t\t\t<div class=\"elementor-widget-wrap elementor-element-populated\">\n\t\t\t\t\t\t<div class=\"elementor-element elementor-element-f69ea6a elementor-widget elementor-widget-accordion\" data-id=\"f69ea6a\" data-element_type=\"widget\" data-e-type=\"widget\" data-widget_type=\"accordion.default\">\n\t\t\t\t<div class=\"elementor-widget-container\">\n\t\t\t\t\t\t\t<div class=\"elementor-accordion\">\n\t\t\t\t\t\t\t<div class=\"elementor-accordion-item\">\n\t\t\t\t\t<div id=\"elementor-tab-title-2581\" class=\"elementor-tab-title\" data-tab=\"1\" role=\"button\" aria-controls=\"elementor-tab-content-2581\" aria-expanded=\"false\">\n\t\t\t\t\t\t\t\t\t\t\t\t\t<span class=\"elementor-accordion-icon elementor-accordion-icon-left\" aria-hidden=\"true\">\n\t\t\t\t\t\t\t\t\t\t\t\t\t\t\t<span class=\"elementor-accordion-icon-closed\"><i class=\"fas fa-plus\"><\/i><\/span>\n\t\t\t\t\t\t\t\t<span class=\"elementor-accordion-icon-opened\"><i class=\"fas fa-minus\"><\/i><\/span>\n\t\t\t\t\t\t\t\t\t\t\t\t\t\t<\/span>\n\t\t\t\t\t\t\t\t\t\t\t\t<a class=\"elementor-accordion-title\" tabindex=\"0\">CT EMPRESARIAL<\/a>\n\t\t\t\t\t<\/div>\n\t\t\t\t\t<div id=\"elementor-tab-content-2581\" class=\"elementor-tab-content elementor-clearfix\" data-tab=\"1\" role=\"region\" aria-labelledby=\"elementor-tab-title-2581\"><ul><li>Monto m\u00ednimo de apertura: $20,000.00<\/li><li>20 cheques pagados a cuentas en otros Bancos sin costo al mes,<\/li><li>Pago de cheques a cuentas Inbursa ilimitado y sin costo.<\/li><li>Pago de Impuestos: Federales, Ciudad de M\u00e9xico, Estado de M\u00e9xico, Dep\u00f3sito Referenciado, SUA y SIPARE.<\/li><li>Banca en L\u00ednea Empresarial sin costo.<\/li><li>Podr\u00e1 establecer l\u00edmite diario por tarjeta.<\/li><li>Ct Empresarial la cuenta transaccional en MN con rendimientos del 75% de CETES1 a 28 d\u00edas.<\/li><li>Sin saldos m\u00ednimos.<\/li><li>Disponibilidad inmediata de tu dinero a trav\u00e9s de chequera o de la Banca en L\u00ednea Empresarial.<\/li><\/ul><\/div>\n\t\t\t\t<\/div>\n\t\t\t\t\t\t\t<div class=\"elementor-accordion-item\">\n\t\t\t\t\t<div id=\"elementor-tab-title-2582\" class=\"elementor-tab-title\" data-tab=\"2\" role=\"button\" aria-controls=\"elementor-tab-content-2582\" aria-expanded=\"false\">\n\t\t\t\t\t\t\t\t\t\t\t\t\t<span class=\"elementor-accordion-icon elementor-accordion-icon-left\" aria-hidden=\"true\">\n\t\t\t\t\t\t\t\t\t\t\t\t\t\t\t<span class=\"elementor-accordion-icon-closed\"><i class=\"fas fa-plus\"><\/i><\/span>\n\t\t\t\t\t\t\t\t<span class=\"elementor-accordion-icon-opened\"><i class=\"fas fa-minus\"><\/i><\/span>\n\t\t\t\t\t\t\t\t\t\t\t\t\t\t<\/span>\n\t\t\t\t\t\t\t\t\t\t\t\t<a class=\"elementor-accordion-title\" tabindex=\"0\">EFE EMPRESARIAL<\/a>\n\t\t\t\t\t<\/div>\n\t\t\t\t\t<div id=\"elementor-tab-content-2582\" class=\"elementor-tab-content elementor-clearfix\" data-tab=\"2\" role=\"region\" aria-labelledby=\"elementor-tab-title-2582\"><ul><li>Monto M\u00ednimo de apertura $ 30,000.00.<\/li><li>Pago de cheques a cuentas Inbursa ilimitado y sin costo.<\/li><li>Pago de Impuestos: Federales, Ciudad de M\u00e9xico, Estado de M\u00e9xico, Dep\u00f3sito Referenciado, SUA y SIPARE.<\/li><li>20 cheques sin costo, pagados a cuenta de otros bancos.<\/li><li>Tarjeta de D\u00e9bito Internacional Empresarial para compras.<\/li><li>Efe Empresarial ofrece beneficios y soluciones exclusivas para personas morales, es una cuenta transaccional en Moneda Nacional con rendimientos.<\/li><li>Pago de Rendimientos del 50% de Cetes1 con Saldo Promedio Mensual (SPM) mayor a S75,000.00 MN<\/li><\/ul><\/div>\n\t\t\t\t<\/div>\n\t\t\t\t\t\t\t<div class=\"elementor-accordion-item\">\n\t\t\t\t\t<div id=\"elementor-tab-title-2583\" class=\"elementor-tab-title\" data-tab=\"3\" role=\"button\" aria-controls=\"elementor-tab-content-2583\" aria-expanded=\"false\">\n\t\t\t\t\t\t\t\t\t\t\t\t\t<span class=\"elementor-accordion-icon elementor-accordion-icon-left\" aria-hidden=\"true\">\n\t\t\t\t\t\t\t\t\t\t\t\t\t\t\t<span class=\"elementor-accordion-icon-closed\"><i class=\"fas fa-plus\"><\/i><\/span>\n\t\t\t\t\t\t\t\t<span class=\"elementor-accordion-icon-opened\"><i class=\"fas fa-minus\"><\/i><\/span>\n\t\t\t\t\t\t\t\t\t\t\t\t\t\t<\/span>\n\t\t\t\t\t\t\t\t\t\t\t\t<a class=\"elementor-accordion-title\" tabindex=\"0\">TELMEX<\/a>\n\t\t\t\t\t<\/div>\n\t\t\t\t\t<div id=\"elementor-tab-content-2583\" class=\"elementor-tab-content elementor-clearfix\" data-tab=\"3\" role=\"region\" aria-labelledby=\"elementor-tab-title-2583\"><ul><li>Pago de rendimientos de acuerdo al Saldo Promedio Mensual.<\/li><li>Tarjeta de D\u00e9bito: Hasta 4 Tarjetas Sin Costo.<\/li><li>Chequera: 20 cheques Sin Costo al mes.<\/li><li>Banca en l\u00ednea empresarial: Sin comisi\u00f3n.<\/li><li>Otros Beneficios:<ul><li>Pago de Impuestos: Federales, locales (Ciudad de M\u00e9xico y Estado de M\u00e9xico), Dep\u00f3sito Referenciado SAT, SUA y SIPARE.<\/li><li>Pago de Servicios.<\/li><\/ul><\/li><li>Protecci\u00f3n para colaboradores<\/li><li>En la Cuenta Negocios Telmex se incluye sin costo, un Seguro de Vida para los Empleados del Titular de la Cuenta.<ul><li>Por Fallecimiento: $50,000.00<\/li><li>Por Muerte Accidental: $100,000.00<\/li><\/ul><\/li><li>Salud laboral<ul><li>Protocolo de seguimiento COVID-19.<\/li><li>Env\u00edo de ambulancia en caso de urgencia (2 al a\u00f1o).<\/li><li>Videoconferencia m\u00e9dica 24\/7.<\/li><li>Consultas a Domicilio con M\u00e9dicos Generales con precio Preferencial, desde $450.00 M.N.<\/li><li>Farmacia en l\u00ednea; precios preferenciales en medicamentos.<\/li><\/ul><\/li><li>Asistencia Legal Telef\u00f3nica: Derecho civil, fiscal, mercantil, laboral y sucesorio<\/li><li>Asistencia en educaci\u00f3n Financiera: Banca inversiones, administraci\u00f3n financiera.<\/li><li>Asistencia Contable: An\u00e1lisis Financiero, Contabilidad, Balances.<\/li><li>Asesor\u00eda T\u00e9cnica para Smartphones y tablets<\/li><li>Asesor\u00eda Tecnol\u00f3gica: Asesor\u00eda en el uso de tecnolog\u00edas para el logro de objetivos personales y profesionales.<\/li><li>Es posible asegurar hasta a 20 empleados.<ul><li>Con una Suma Asegurada de $50,000.00.<\/li><li>En caso de Muerte Accidental, se pagar\u00e1n adicionalmente $100,000.00.<\/li><\/ul><\/li><li>Elegibilidad de los empleados al momento del Registro y del Fallecimiento:<ul><li>Edad m\u00ednimo de 18 y m\u00e1ximo de 65 a\u00f1os.<\/li><li>Tener m\u00ednimo 1 a\u00f1o de antig\u00fcedad en la empresa del Titular de la Cuenta.<\/li><li>Ser empleado activo y estar inscrito en el IMSS.<\/li><\/ul><\/li><\/ul><\/div>\n\t\t\t\t<\/div>\n\t\t\t\t\t\t\t<div class=\"elementor-accordion-item\">\n\t\t\t\t\t<div id=\"elementor-tab-title-2584\" class=\"elementor-tab-title\" data-tab=\"4\" role=\"button\" aria-controls=\"elementor-tab-content-2584\" aria-expanded=\"false\">\n\t\t\t\t\t\t\t\t\t\t\t\t\t<span class=\"elementor-accordion-icon elementor-accordion-icon-left\" aria-hidden=\"true\">\n\t\t\t\t\t\t\t\t\t\t\t\t\t\t\t<span class=\"elementor-accordion-icon-closed\"><i class=\"fas fa-plus\"><\/i><\/span>\n\t\t\t\t\t\t\t\t<span class=\"elementor-accordion-icon-opened\"><i class=\"fas fa-minus\"><\/i><\/span>\n\t\t\t\t\t\t\t\t\t\t\t\t\t\t<\/span>\n\t\t\t\t\t\t\t\t\t\t\t\t<a class=\"elementor-accordion-title\" tabindex=\"0\">EMPRESARIAL DOLARES<\/a>\n\t\t\t\t\t<\/div>\n\t\t\t\t\t<div id=\"elementor-tab-content-2584\" class=\"elementor-tab-content elementor-clearfix\" data-tab=\"4\" role=\"region\" aria-labelledby=\"elementor-tab-title-2584\"><ul><li>Opci\u00f3n para que puedas obtener cobertura cambiaria y poder liquidar pasivos en D\u00f3lares e invertir los recursos de su empresa o negocio en condiciones competitivas.<\/li><li>Te ofrece la capacidad de disponer de tu dinero a trav\u00e9s de chequera o Banca en L\u00ednea Empresarial.<\/li><li>Chequera (20 cheques pagados a cuentas de otros bancos sin costo al mes).<\/li><li>Traspasos entre cuentas Inbursa D\u00f3lares.<\/li><li>Hasta 4 dispositivos de acceso (TOKEN), sin costo.<\/li><li>Protecci\u00f3n de cheques a trav\u00e9s de Banca en L\u00ednea Empresarial.<\/li><li>Transferencias SPID (Sistema de Pagos Interbancarios en D\u00f3lares). Servicio que te permite realizar transferencias en d\u00f3lares a otros bancos.<\/li><\/ul><\/div>\n\t\t\t\t<\/div>\n\t\t\t\t\t\t\t<div class=\"elementor-accordion-item\">\n\t\t\t\t\t<div id=\"elementor-tab-title-2585\" class=\"elementor-tab-title\" data-tab=\"5\" role=\"button\" aria-controls=\"elementor-tab-content-2585\" aria-expanded=\"false\">\n\t\t\t\t\t\t\t\t\t\t\t\t\t<span class=\"elementor-accordion-icon elementor-accordion-icon-left\" aria-hidden=\"true\">\n\t\t\t\t\t\t\t\t\t\t\t\t\t\t\t<span class=\"elementor-accordion-icon-closed\"><i class=\"fas fa-plus\"><\/i><\/span>\n\t\t\t\t\t\t\t\t<span class=\"elementor-accordion-icon-opened\"><i class=\"fas fa-minus\"><\/i><\/span>\n\t\t\t\t\t\t\t\t\t\t\t\t\t\t<\/span>\n\t\t\t\t\t\t\t\t\t\t\t\t<a class=\"elementor-accordion-title\" tabindex=\"0\">ASPEL<\/a>\n\t\t\t\t\t<\/div>\n\t\t\t\t\t<div id=\"elementor-tab-content-2585\" class=\"elementor-tab-content elementor-clearfix\" data-tab=\"5\" role=\"region\" aria-labelledby=\"elementor-tab-title-2585\"><ul><li>Monto inicial de Apertura $5,000.00<\/li><li>Pago de Rendimientos en base al Saldo Promedio Mensual.<\/li><li>Liquidez Inmediata<\/li><li>Chequera &#8211; 20 Cheques sin costo al mes.<\/li><li>Banca Electr\u00f3nica<\/li><li>Pago de Impuestos: Federales, Ciudad de M\u00e9xico, Estado de M\u00e9xico, Dep\u00f3sito Referenciado, SUA y SIPARE.<\/li><li>Paquete Aspel ADM Premium sin costo.<\/li><li>Facturaci\u00f3n electr\u00f3nica ilimitada.<\/li><li>Dise\u00f1o exclusivo para la \u00e1gil captura de comprobantes.<\/li><li>Dise\u00f1os predefinidos para la impresi\u00f3n de comprobantes.<\/li><li>Movilidad, accede desde cualquier dispositivo m\u00f3vil.<\/li><li>Disponible los 365 d\u00edas del a\u00f1o.<\/li><li>Expide m\u00faltiples comprobantes como: Facturas Electr\u00f3nicas, notas de cr\u00e9dito, recibos de honorarios y de arrendamiento.<\/li><li>Mant\u00e9n un oportuno seguimiento de las ventas, gastos e ingresos.<\/li><\/ul><\/div>\n\t\t\t\t<\/div>\n\t\t\t\t\t\t\t\t<\/div>\n\t\t\t\t\t\t<\/div>\n\t\t\t\t<\/div>\n\t\t\t\t\t<\/div>\n\t\t<\/div>\n\t\t\t\t\t<\/div>\n\t\t<\/section>\n\t\t\t\t<section class=\"elementor-section elementor-top-section elementor-element elementor-element-88bd02d elementor-section-boxed elementor-section-height-default elementor-section-height-default\" data-id=\"88bd02d\" data-element_type=\"section\" data-e-type=\"section\" data-settings=\"{&quot;background_background&quot;:&quot;gradient&quot;}\">\n\t\t\t\t\t\t<div class=\"elementor-container elementor-column-gap-default\">\n\t\t\t\t\t<div class=\"elementor-column elementor-col-100 elementor-top-column elementor-element elementor-element-a6c6805\" data-id=\"a6c6805\" data-element_type=\"column\" data-e-type=\"column\">\n\t\t\t<div class=\"elementor-widget-wrap elementor-element-populated\">\n\t\t\t\t\t\t<div class=\"elementor-element elementor-element-8f867a7 elementor-widget elementor-widget-heading\" data-id=\"8f867a7\" data-element_type=\"widget\" data-e-type=\"widget\" data-widget_type=\"heading.default\">\n\t\t\t\t<div class=\"elementor-widget-container\">\n\t\t\t\t\t<h2 class=\"elementor-heading-title elementor-size-default\">\u00bfTe interesa? \u00bfQuieres m\u00e1s informaci\u00f3n? D\u00e9janos tus datos y uno de nuestros asesores se pondr\u00e1 en contacto contigo.<\/h2>\t\t\t\t<\/div>\n\t\t\t\t<\/div>\n\t\t\t\t<div class=\"elementor-element elementor-element-140d167 elementor-widget elementor-widget-wpforms\" data-id=\"140d167\" data-element_type=\"widget\" data-e-type=\"widget\" data-widget_type=\"wpforms.default\">\n\t\t\t\t<div class=\"elementor-widget-container\">\n\t\t\t\t\t<div class=\"wpforms-container wpforms-container-full\" id=\"wpforms-292\"><form id=\"wpforms-form-292\" class=\"wpforms-validate wpforms-form\" data-formid=\"292\" method=\"post\" enctype=\"multipart\/form-data\" action=\"\/index.php\/wp-json\/wp\/v2\/pages\/410\" data-token=\"0e8b1deb406fac2e2090984aaad03df1\" data-token-time=\"1778071421\"><noscript class=\"wpforms-error-noscript\">Please enable JavaScript in your browser to complete this form.<\/noscript><div class=\"wpforms-field-container\"><div id=\"wpforms-292-field_0-container\" class=\"wpforms-field wpforms-field-name\" data-field-id=\"0\"><label class=\"wpforms-field-label\">Nombre <span class=\"wpforms-required-label\">*<\/span><\/label><div class=\"wpforms-field-row wpforms-field-medium\"><div class=\"wpforms-field-row-block wpforms-first wpforms-one-half\"><input type=\"text\" id=\"wpforms-292-field_0\" class=\"wpforms-field-name-first wpforms-field-required\" name=\"wpforms[fields][0][first]\" required><label for=\"wpforms-292-field_0\" class=\"wpforms-field-sublabel after\">First<\/label><\/div><div class=\"wpforms-field-row-block wpforms-one-half\"><input type=\"text\" id=\"wpforms-292-field_0-last\" class=\"wpforms-field-name-last wpforms-field-required\" name=\"wpforms[fields][0][last]\" required><label for=\"wpforms-292-field_0-last\" class=\"wpforms-field-sublabel after\">Last<\/label><\/div><\/div><\/div><div id=\"wpforms-292-field_1-container\" class=\"wpforms-field wpforms-field-email\" data-field-id=\"1\"><label class=\"wpforms-field-label\" for=\"wpforms-292-field_1\">Correo electr\u00f3nico <span class=\"wpforms-required-label\">*<\/span><\/label><input type=\"email\" id=\"wpforms-292-field_1\" class=\"wpforms-field-medium wpforms-field-required\" name=\"wpforms[fields][1]\" spellcheck=\"false\" required><\/div><div id=\"wpforms-292-field_2-container\" class=\"wpforms-field wpforms-field-textarea\" data-field-id=\"2\"><label class=\"wpforms-field-label\" for=\"wpforms-292-field_2\">Comentario o mensaje <span class=\"wpforms-required-label\">*<\/span><\/label><textarea id=\"wpforms-292-field_2\" class=\"wpforms-field-medium wpforms-field-required\" name=\"wpforms[fields][2]\" required><\/textarea><\/div><\/div><!-- .wpforms-field-container --><div class=\"wpforms-submit-container\" ><input type=\"hidden\" name=\"wpforms[id]\" value=\"292\"><input type=\"hidden\" name=\"page_title\" value=\"\"><input type=\"hidden\" name=\"page_url\" value=\"https:\/\/camarillomedinayasociados.com.mx\/index.php\/wp-json\/wp\/v2\/pages\/410\"><input type=\"hidden\" name=\"url_referer\" value=\"\"><button type=\"submit\" name=\"wpforms[submit]\" id=\"wpforms-submit-292\" class=\"wpforms-submit\" data-alt-text=\"Enviando...\" data-submit-text=\"Enviar\" aria-live=\"assertive\" value=\"wpforms-submit\">Enviar<\/button><\/div><\/form><\/div>  <!-- .wpforms-container -->\t\t\t\t<\/div>\n\t\t\t\t<\/div>\n\t\t\t\t\t<\/div>\n\t\t<\/div>\n\t\t\t\t\t<\/div>\n\t\t<\/section>\n\t\t\t\t<\/div>\n\t\t","protected":false},"excerpt":{"rendered":"<p>CT EMPRESARIAL Monto m\u00ednimo de apertura: $20,000.00 20 cheques pagados a cuentas en otros Bancos sin costo al mes, Pago de cheques a cuentas Inbursa ilimitado y sin costo. Pago de Impuestos: Federales, Ciudad de M\u00e9xico, Estado de M\u00e9xico, Dep\u00f3sito Referenciado, SUA y SIPARE. Banca en L\u00ednea Empresarial sin costo. Podr\u00e1 establecer l\u00edmite diario por [&hellip;]<\/p>\n","protected":false},"author":1,"featured_media":0,"parent":0,"menu_order":0,"comment_status":"closed","ping_status":"closed","template":"","meta":{"site-sidebar-layout":"no-sidebar","site-content-layout":"page-builder","ast-site-content-layout":"default","site-content-style":"default","site-sidebar-style":"default","ast-global-header-display":"","ast-banner-title-visibility":"","ast-main-header-display":"","ast-hfb-above-header-display":"","ast-hfb-below-header-display":"","ast-hfb-mobile-header-display":"","site-post-title":"disabled","ast-breadcrumbs-content":"","ast-featured-img":"disabled","footer-sml-layout":"","ast-disable-related-posts":"","theme-transparent-header-meta":"default","adv-header-id-meta":"","stick-header-meta":"","header-above-stick-meta":"","header-main-stick-meta":"","header-below-stick-meta":"","astra-migrate-meta-layouts":"default","ast-page-background-enabled":"default","ast-page-background-meta":{"desktop":{"background-color":"var(--ast-global-color-4)","background-image":"","background-repeat":"repeat","background-position":"center center","background-size":"auto","background-attachment":"scroll","background-type":"","background-media":"","overlay-type":"","overlay-color":"","overlay-opacity":"","overlay-gradient":""},"tablet":{"background-color":"","background-image":"","background-repeat":"repeat","background-position":"center center","background-size":"auto","background-attachment":"scroll","background-type":"","background-media":"","overlay-type":"","overlay-color":"","overlay-opacity":"","overlay-gradient":""},"mobile":{"background-color":"","background-image":"","background-repeat":"repeat","background-position":"center center","background-size":"auto","background-attachment":"scroll","background-type":"","background-media":"","overlay-type":"","overlay-color":"","overlay-opacity":"","overlay-gradient":""}},"ast-content-background-meta":{"desktop":{"background-color":"var(--ast-global-color-5)","background-image":"","background-repeat":"repeat","background-position":"center center","background-size":"auto","background-attachment":"scroll","background-type":"","background-media":"","overlay-type":"","overlay-color":"","overlay-opacity":"","overlay-gradient":""},"tablet":{"background-color":"var(--ast-global-color-5)","background-image":"","background-repeat":"repeat","background-position":"center center","background-size":"auto","background-attachment":"scroll","background-type":"","background-media":"","overlay-type":"","overlay-color":"","overlay-opacity":"","overlay-gradient":""},"mobile":{"background-color":"var(--ast-global-color-5)","background-image":"","background-repeat":"repeat","background-position":"center center","background-size":"auto","background-attachment":"scroll","background-type":"","background-media":"","overlay-type":"","overlay-color":"","overlay-opacity":"","overlay-gradient":""}},"footnotes":""},"class_list":["post-410","page","type-page","status-publish","hentry"],"_links":{"self":[{"href":"https:\/\/camarillomedinayasociados.com.mx\/index.php\/wp-json\/wp\/v2\/pages\/410","targetHints":{"allow":["GET"]}}],"collection":[{"href":"https:\/\/camarillomedinayasociados.com.mx\/index.php\/wp-json\/wp\/v2\/pages"}],"about":[{"href":"https:\/\/camarillomedinayasociados.com.mx\/index.php\/wp-json\/wp\/v2\/types\/page"}],"author":[{"embeddable":true,"href":"https:\/\/camarillomedinayasociados.com.mx\/index.php\/wp-json\/wp\/v2\/users\/1"}],"replies":[{"embeddable":true,"href":"https:\/\/camarillomedinayasociados.com.mx\/index.php\/wp-json\/wp\/v2\/comments?post=410"}],"version-history":[{"count":10,"href":"https:\/\/camarillomedinayasociados.com.mx\/index.php\/wp-json\/wp\/v2\/pages\/410\/revisions"}],"predecessor-version":[{"id":651,"href":"https:\/\/camarillomedinayasociados.com.mx\/index.php\/wp-json\/wp\/v2\/pages\/410\/revisions\/651"}],"wp:attachment":[{"href":"https:\/\/camarillomedinayasociados.com.mx\/index.php\/wp-json\/wp\/v2\/media?parent=410"}],"curies":[{"name":"wp","href":"https:\/\/api.w.org\/{rel}","templated":true}]}}